{"id":6466,"date":"2022-12-26T11:31:51","date_gmt":"2022-12-26T11:31:51","guid":{"rendered":"https:\/\/hommakusa.com\/systems\/"},"modified":"2023-07-07T12:33:19","modified_gmt":"2023-07-07T12:33:19","slug":"sistemas","status":"publish","type":"page","link":"https:\/\/hommakusa.com\/es\/sistemas\/","title":{"rendered":"Sistemas"},"content":{"rendered":"<div class=\"wpb-content-wrapper\"><p>[vc_row][vc_column][vc_row_inner][vc_column_inner]<div id=\"ultimate-heading-34569ea0a9632b34\" class=\"uvc-heading ult-adjust-bottom-margin ultimate-heading-34569ea0a9632b34 uvc-5136 accent-border-color uvc-heading-default-font-sizes\" data-hspacer=\"no_spacer\"  data-halign=\"center\" style=\"text-align:center\"><div class=\"uvc-heading-spacer no_spacer\" style=\"top\"><\/div><div class=\"uvc-main-heading ult-responsive\"  data-ultimate-target='.uvc-heading.ultimate-heading-34569ea0a9632b34 h2'  data-responsive-json-new='{\"font-size\":\"\",\"line-height\":\"\"}' ><h2 style=\"--font-weight:theme;margin-bottom:60px;\">Proyectos y Sistemas<\/h2><\/div><\/div>[\/vc_column_inner][\/vc_row_inner][vc_row_inner css=\u00bb.vc_custom_1672054171493{padding-bottom: 30px !important;}\u00bb][vc_column_inner width=\u00bb5\/12&#8243;]<style type=\"text\/css\" data-type=\"the7_shortcodes-inline-css\">.shortcode-single-image-wrap.shortcode-single-image-9aa0d284912816095111da37ac9ddb1c.enable-bg-rollover .rollover i,\n.shortcode-single-image-wrap.shortcode-single-image-9aa0d284912816095111da37ac9ddb1c.enable-bg-rollover .rollover-video i {\n  background: -webkit-linear-gradient();\n  background: linear-gradient();\n}\n.shortcode-single-image-wrap.shortcode-single-image-9aa0d284912816095111da37ac9ddb1c .rollover-icon {\n  font-size: 32px;\n  color: #ffffff;\n  min-width: 44px;\n  min-height: 44px;\n  line-height: 44px;\n  border-radius: 100px;\n  border-style: solid;\n  border-width: 0px;\n}\n.dt-icon-bg-on.shortcode-single-image-wrap.shortcode-single-image-9aa0d284912816095111da37ac9ddb1c .rollover-icon {\n  background: rgba(255,255,255,0.3);\n  box-shadow: none;\n}<\/style><div class=\"shortcode-single-image-wrap shortcode-single-image-9aa0d284912816095111da37ac9ddb1c alignnone  enable-bg-rollover dt-icon-bg-off\" style=\"margin-top:0px; margin-bottom:0px; margin-left:0px; margin-right:0px; width:800px;\"><div class=\"shortcode-single-image\"><div class=\"fancy-media-wrap\" style=\"\"><a href=\"\/turnkey-projects\/\" class=\" layzr-bg rollover\" style=\"\" aria-label=\"Image\"><img fetchpriority=\"high\" decoding=\"async\" class=\"preload-me lazy-load aspect\" src=\"data:image\/svg+xml,%3Csvg%20xmlns%3D&#39;http%3A%2F%2Fwww.w3.org%2F2000%2Fsvg&#39;%20viewBox%3D&#39;0%200%20800%20500&#39;%2F%3E\" data-src=\"https:\/\/hommakusa.com\/wp-content\/uploads\/2021\/12\/turnkey-project-800x500.jpg\" data-srcset=\"https:\/\/hommakusa.com\/wp-content\/uploads\/2021\/12\/turnkey-project-800x500.jpg 800w, https:\/\/hommakusa.com\/wp-content\/uploads\/2021\/12\/turnkey-project.jpg 1600w\" loading=\"eager\" style=\"--ratio: 800 \/ 500\" sizes=\"(max-width: 800px) 100vw, 800px\" width=\"800\" height=\"500\"  data-dt-location=\"https:\/\/hommakusa.com\/es\/home\/turnkey-project\/\" alt=\"turnkey project\" \/><\/a><\/div><\/div><\/div>[\/vc_column_inner][vc_column_inner width=\u00bb7\/12&#8243;]<span id=\"creative-link-wrap-3356\" class=\"ult_main_cl ult-adjust-bottom-margin  \" >\n\t \t\t\t<span class=\"  ult_crlink\" >\n\t\t\t\t\t<a  data-ultimate-target='#creative-link-wrap-3356 .ult_colorlink'  data-responsive-json-new='{\"font-size\":\"desktop:40px;\",\"line-height\":\"desktop:46px;\"}'  href=\"https:\/\/hommakusa.com\/es\/proyectos-llave-en-mano\/\"  class=\"ult_colorlink ult-responsive \" style=\"float:left;font-weight:bold; \"  data-textcolor=\"#213962\" data-texthover=\"#ffb536\"data-style=\"\">\n\t\t\t\t\t\t\n\t\t\t\t\t\t<span data-hover=\"Proyectos Llave En Mano\" style=\"color:#213962;;;\" class=\"ult_btn10_span   \">Proyectos Llave En Mano<\/span>\n\t\t\t\t\t\t\n\t\t\t\t\t<\/a>\n\t\t\t\t<\/span>\n\t\t\t<\/span>[vc_column_text css=\u00bb.vc_custom_1687175795807{padding-top: 60px !important;}\u00bb]Plantas llave en mano y garantiz\u00e1ndole que opere su molino con alta eficiencia y perfecta integraci\u00f3n de sistemas<\/p>\n<p>Los dise\u00f1os de edificios y disposiciones de maquinaria se realizan seg\u00fan la capacidad objetivo del inversor. Estos dise\u00f1os tambi\u00e9n se convierten en un sistema de flujo de trabajo con diagramas de acuerdo con las especificaciones de producto deseadas.[\/vc_column_text]<style type=\"text\/css\" data-type=\"the7_shortcodes-inline-css\">#default-btn-e64cbe3409db53868aa9eb7f6564ffc5.ico-right-side > i {\n  margin-right: 0px;\n  margin-left: 8px;\n}\n#default-btn-e64cbe3409db53868aa9eb7f6564ffc5 > i {\n  margin-right: 8px;\n}<\/style><div class=\"btn-align-center\"><a href=\"https:\/\/hommakusa.com\/es\/proyectos-llave-en-mano\/\" class=\"default-btn-shortcode dt-btn dt-btn-m link-hover-off  vc_custom_1687444332832\" id=\"default-btn-e64cbe3409db53868aa9eb7f6564ffc5\" style=\"width:200px;\" title=\"Turnkey Projects\"><span>Lea m\u00e1s<\/span><\/a><\/div>[\/vc_column_inner][\/vc_row_inner][vc_row_inner css=\u00bb.vc_custom_1672054198995{padding-bottom: 30px !important;}\u00bb][vc_column_inner width=\u00bb5\/12&#8243;]<style type=\"text\/css\" data-type=\"the7_shortcodes-inline-css\">.shortcode-single-image-wrap.shortcode-single-image-dc67766ffcb99a2219fa178f8a62baf4.enable-bg-rollover .rollover i,\n.shortcode-single-image-wrap.shortcode-single-image-dc67766ffcb99a2219fa178f8a62baf4.enable-bg-rollover .rollover-video i {\n  background: -webkit-linear-gradient();\n  background: linear-gradient();\n}\n.shortcode-single-image-wrap.shortcode-single-image-dc67766ffcb99a2219fa178f8a62baf4 .rollover-icon {\n  font-size: 32px;\n  color: #ffffff;\n  min-width: 44px;\n  min-height: 44px;\n  line-height: 44px;\n  border-radius: 100px;\n  border-style: solid;\n  border-width: 0px;\n}\n.dt-icon-bg-on.shortcode-single-image-wrap.shortcode-single-image-dc67766ffcb99a2219fa178f8a62baf4 .rollover-icon {\n  background: rgba(255,255,255,0.3);\n  box-shadow: none;\n}<\/style><div class=\"shortcode-single-image-wrap shortcode-single-image-dc67766ffcb99a2219fa178f8a62baf4 alignnone  enable-bg-rollover dt-icon-bg-off\" style=\"margin-top:0px; margin-bottom:0px; margin-left:0px; margin-right:0px; width:800px;\"><div class=\"shortcode-single-image\"><div class=\"fancy-media-wrap\" style=\"\"><a href=\"\/innovative-manufacturing-systems\/\" class=\" layzr-bg rollover\" style=\"\" aria-label=\"Image\"><img decoding=\"async\" class=\"preload-me lazy-load aspect\" src=\"data:image\/svg+xml,%3Csvg%20xmlns%3D&#39;http%3A%2F%2Fwww.w3.org%2F2000%2Fsvg&#39;%20viewBox%3D&#39;0%200%20800%20500&#39;%2F%3E\" data-src=\"https:\/\/hommakusa.com\/wp-content\/uploads\/2021\/12\/innovative-manufacturing-systems-800x500.jpg\" data-srcset=\"https:\/\/hommakusa.com\/wp-content\/uploads\/2021\/12\/innovative-manufacturing-systems-800x500.jpg 800w, https:\/\/hommakusa.com\/wp-content\/uploads\/2021\/12\/innovative-manufacturing-systems.jpg 1600w\" loading=\"eager\" style=\"--ratio: 800 \/ 500\" sizes=\"(max-width: 800px) 100vw, 800px\" width=\"800\" height=\"500\"  data-dt-location=\"https:\/\/hommakusa.com\/es\/home\/innovative-manufacturing-systems-2\/\" alt=\"Innovative Manufacturing Systems\" \/><\/a><\/div><\/div><\/div>[\/vc_column_inner][vc_column_inner width=\u00bb7\/12&#8243;]<span id=\"creative-link-wrap-8544\" class=\"ult_main_cl ult-adjust-bottom-margin  \" >\n\t \t\t\t<span class=\"  ult_crlink\" >\n\t\t\t\t\t<a  data-ultimate-target='#creative-link-wrap-8544 .ult_colorlink'  data-responsive-json-new='{\"font-size\":\"desktop:40px;\",\"line-height\":\"desktop:46px;\"}'  href=\"https:\/\/hommakusa.com\/es\/sistemas-de-produccion-innovadores\/\" title=\"Innovative Manufacturing Systems\"  class=\"ult_colorlink ult-responsive \" style=\"float:left;font-weight:bold; \"  data-textcolor=\"#213962\" data-texthover=\"#ffb536\"data-style=\"\">\n\t\t\t\t\t\t\n\t\t\t\t\t\t<span data-hover=\"Sistemas De Producci\u00f3n Innovadores\" style=\"color:#213962;;;\" class=\"ult_btn10_span   \">Sistemas De Producci\u00f3n Innovadores<\/span>\n\t\t\t\t\t\t\n\t\t\t\t\t<\/a>\n\t\t\t\t<\/span>\n\t\t\t<\/span>[vc_column_text css=\u00bb.vc_custom_1687175845650{padding-top: 60px !important;}\u00bb]<\/p>\n<div class=\"group w-full text-gray-800 dark:text-gray-100 border-b border-black\/10 dark:border-gray-900\/50 bg-gray-50 dark:bg-[#444654] sm:AIPRM__conversation__response\">\n<div class=\"flex p-4 gap-4 text-base md:gap-6 md:max-w-2xl lg:max-w-[38rem] xl:max-w-3xl md:py-6 lg:px-0 m-auto\">\n<div class=\"relative flex w-[calc(100%-50px)] flex-col gap-1 md:gap-3 lg:w-[calc(100%-115px)]\">\n<div class=\"flex flex-grow flex-col gap-3\">\n<div class=\"min-h-[20px] flex flex-col items-start gap-4 whitespace-pre-wrap break-words\">\n<div class=\"markdown prose w-full break-words dark:prose-invert dark AIPRM__conversation__response\">\n<p>Ofrecemos servicios de fabricaci\u00f3n de alta calidad y confiables. Tenemos experiencia en una amplia variedad de aplicaciones como la industria l\u00e1ctea, alimentos y bebidas, qu\u00edmica y petroqu\u00edmica, cosm\u00e9ticos, biotecnolog\u00eda e industrias farmac\u00e9uticas.<\/p>\n<\/div>\n<\/div>\n<\/div>\n<\/div>\n<\/div>\n<\/div>\n<p>[\/vc_column_text]<style type=\"text\/css\" data-type=\"the7_shortcodes-inline-css\">#default-btn-077fc19e26f4403ac9c4863be3dcfd1a.ico-right-side > i {\n  margin-right: 0px;\n  margin-left: 8px;\n}\n#default-btn-077fc19e26f4403ac9c4863be3dcfd1a > i {\n  margin-right: 8px;\n}<\/style><div class=\"btn-align-center\"><a href=\"https:\/\/hommakusa.com\/es\/sistemas-de-produccion-innovadores\/\" class=\"default-btn-shortcode dt-btn dt-btn-m link-hover-off  vc_custom_1687444376023\" id=\"default-btn-077fc19e26f4403ac9c4863be3dcfd1a\" style=\"width:200px;\" title=\"Turnkey Projects\"><span>Lea m\u00e1s<\/span><\/a><\/div>[\/vc_column_inner][\/vc_row_inner][vc_row_inner css=\u00bb.vc_custom_1672054198995{padding-bottom: 30px !important;}\u00bb][vc_column_inner width=\u00bb5\/12&#8243;]<style type=\"text\/css\" data-type=\"the7_shortcodes-inline-css\">.shortcode-single-image-wrap.shortcode-single-image-c45dde3a60cbfc9dedd26772770fd7d9.enable-bg-rollover .rollover i,\n.shortcode-single-image-wrap.shortcode-single-image-c45dde3a60cbfc9dedd26772770fd7d9.enable-bg-rollover .rollover-video i {\n  background: -webkit-linear-gradient();\n  background: linear-gradient();\n}\n.shortcode-single-image-wrap.shortcode-single-image-c45dde3a60cbfc9dedd26772770fd7d9 .rollover-icon {\n  font-size: 32px;\n  color: #ffffff;\n  min-width: 44px;\n  min-height: 44px;\n  line-height: 44px;\n  border-radius: 100px;\n  border-style: solid;\n  border-width: 0px;\n}\n.dt-icon-bg-on.shortcode-single-image-wrap.shortcode-single-image-c45dde3a60cbfc9dedd26772770fd7d9 .rollover-icon {\n  background: rgba(255,255,255,0.3);\n  box-shadow: none;\n}<\/style><div class=\"shortcode-single-image-wrap shortcode-single-image-c45dde3a60cbfc9dedd26772770fd7d9 alignnone  enable-bg-rollover dt-icon-bg-off\" style=\"margin-top:0px; margin-bottom:0px; margin-left:0px; margin-right:0px; width:800px;\"><div class=\"shortcode-single-image\"><div class=\"fancy-media-wrap\" style=\"\"><a href=\"\/mixing-and-blending\/\" class=\" layzr-bg rollover\" style=\"\" aria-label=\"Image\"><img decoding=\"async\" class=\"preload-me lazy-load aspect\" src=\"data:image\/svg+xml,%3Csvg%20xmlns%3D&#39;http%3A%2F%2Fwww.w3.org%2F2000%2Fsvg&#39;%20viewBox%3D&#39;0%200%20800%20500&#39;%2F%3E\" data-src=\"https:\/\/hommakusa.com\/wp-content\/uploads\/2021\/12\/mixing-and-blending-800x500.jpg\" data-srcset=\"https:\/\/hommakusa.com\/wp-content\/uploads\/2021\/12\/mixing-and-blending-800x500.jpg 800w, https:\/\/hommakusa.com\/wp-content\/uploads\/2021\/12\/mixing-and-blending.jpg 1600w\" loading=\"eager\" style=\"--ratio: 800 \/ 500\" sizes=\"(max-width: 800px) 100vw, 800px\" width=\"800\" height=\"500\"  data-dt-location=\"https:\/\/hommakusa.com\/es\/home\/mixing-and-blending-2\/\" alt=\"Mixing and Blending\" \/><\/a><\/div><\/div><\/div>[\/vc_column_inner][vc_column_inner width=\u00bb7\/12&#8243;]<span id=\"creative-link-wrap-2327\" class=\"ult_main_cl ult-adjust-bottom-margin  \" >\n\t \t\t\t<span class=\"  ult_crlink\" >\n\t\t\t\t\t<a  data-ultimate-target='#creative-link-wrap-2327 .ult_colorlink'  data-responsive-json-new='{\"font-size\":\"desktop:40px;\",\"line-height\":\"desktop:46px;\"}'  href=\"https:\/\/hommakusa.com\/es\/mezcladoras-y-agitadores\/\" title=\"Mixing and Blending\"  class=\"ult_colorlink ult-responsive \" style=\"float:left;font-weight:bold; \"  data-textcolor=\"#213962\" data-texthover=\"#ffb536\"data-style=\"\">\n\t\t\t\t\t\t\n\t\t\t\t\t\t<span data-hover=\"Mezcladoras Y Agitadores\" style=\"color:#213962;;;\" class=\"ult_btn10_span   \">Mezcladoras Y Agitadores<\/span>\n\t\t\t\t\t\t\n\t\t\t\t\t<\/a>\n\t\t\t\t<\/span>\n\t\t\t<\/span>[vc_column_text css=\u00bb.vc_custom_1687175894081{padding-top: 60px !important;}\u00bb]<\/p>\n<div class=\"group w-full text-gray-800 dark:text-gray-100 border-b border-black\/10 dark:border-gray-900\/50 bg-gray-50 dark:bg-[#444654] sm:AIPRM__conversation__response\">\n<div class=\"flex p-4 gap-4 text-base md:gap-6 md:max-w-2xl lg:max-w-[38rem] xl:max-w-3xl md:py-6 lg:px-0 m-auto\">\n<div class=\"relative flex w-[calc(100%-50px)] flex-col gap-1 md:gap-3 lg:w-[calc(100%-115px)]\">\n<div class=\"flex flex-grow flex-col gap-3\">\n<div class=\"min-h-[20px] flex flex-col items-start gap-4 whitespace-pre-wrap break-words\">\n<div class=\"markdown prose w-full break-words dark:prose-invert dark AIPRM__conversation__response\">\n<p>Descubre los sistemas de mezcla y combinaci\u00f3n de Hommak, dise\u00f1ados para satisfacer las necesidades de las industrias de procesamiento de alimentos, qu\u00edmicos y farmac\u00e9uticos. Nuestras soluciones industriales ofrecen una mezcla y combinaci\u00f3n eficiente de todo tipo de productos y aplicaciones. Experimenta la m\u00e1s alta calidad y rendimiento con nuestros avanzados sistemas de mezcla y combinaci\u00f3n.<\/p>\n<\/div>\n<\/div>\n<\/div>\n<\/div>\n<\/div>\n<\/div>\n<p>[\/vc_column_text]<style type=\"text\/css\" data-type=\"the7_shortcodes-inline-css\">#default-btn-c4089948177edb9f03be8dc0134add36.ico-right-side > i {\n  margin-right: 0px;\n  margin-left: 8px;\n}\n#default-btn-c4089948177edb9f03be8dc0134add36 > i {\n  margin-right: 8px;\n}<\/style><div class=\"btn-align-center\"><a href=\"https:\/\/hommakusa.com\/es\/mezcladoras-y-agitadores\/\" class=\"default-btn-shortcode dt-btn dt-btn-l link-hover-off  vc_custom_1687444416151\" id=\"default-btn-c4089948177edb9f03be8dc0134add36\" style=\"width:200px;\" title=\"Turnkey Projects\"><span>Lea m\u00e1s<\/span><\/a><\/div>[\/vc_column_inner][\/vc_row_inner][\/vc_column][\/vc_row]<\/p>\n<\/div>","protected":false},"excerpt":{"rendered":"<p>[vc_row][vc_column][vc_row_inner][vc_column_inner][\/vc_column_inner][\/vc_row_inner][vc_row_inner css=\u00bb.vc_custom_1672054171493{padding-bottom: 30px !important;}\u00bb][vc_column_inner width=\u00bb5\/12&#8243;][\/vc_column_inner][vc_column_inner width=\u00bb7\/12&#8243;][vc_column_text css=\u00bb.vc_custom_1687175795807{padding-top: 60px !important;}\u00bb]Plantas llave en mano y garantiz\u00e1ndole que opere su molino con alta eficiencia y perfecta integraci\u00f3n de sistemas Los dise\u00f1os de edificios y disposiciones de maquinaria se realizan seg\u00fan la capacidad objetivo del inversor. Estos dise\u00f1os tambi\u00e9n se convierten en un sistema de flujo de trabajo con&hellip;<\/p>\n","protected":false},"author":1,"featured_media":0,"parent":0,"menu_order":0,"comment_status":"closed","ping_status":"closed","template":"","meta":{"footnotes":""},"class_list":["post-6466","page","type-page","status-publish","hentry","description-off"],"_links":{"self":[{"href":"https:\/\/hommakusa.com\/es\/wp-json\/wp\/v2\/pages\/6466","targetHints":{"allow":["GET"]}}],"collection":[{"href":"https:\/\/hommakusa.com\/es\/wp-json\/wp\/v2\/pages"}],"about":[{"href":"https:\/\/hommakusa.com\/es\/wp-json\/wp\/v2\/types\/page"}],"author":[{"embeddable":true,"href":"https:\/\/hommakusa.com\/es\/wp-json\/wp\/v2\/users\/1"}],"replies":[{"embeddable":true,"href":"https:\/\/hommakusa.com\/es\/wp-json\/wp\/v2\/comments?post=6466"}],"version-history":[{"count":9,"href":"https:\/\/hommakusa.com\/es\/wp-json\/wp\/v2\/pages\/6466\/revisions"}],"predecessor-version":[{"id":6820,"href":"https:\/\/hommakusa.com\/es\/wp-json\/wp\/v2\/pages\/6466\/revisions\/6820"}],"wp:attachment":[{"href":"https:\/\/hommakusa.com\/es\/wp-json\/wp\/v2\/media?parent=6466"}],"curies":[{"name":"wp","href":"https:\/\/api.w.org\/{rel}","templated":true}]}}